{"id":5286,"date":"2024-11-07T12:57:54","date_gmt":"2024-11-07T11:57:54","guid":{"rendered":"https:\/\/www.ola.naddachami.pl\/?page_id=5286"},"modified":"2024-11-07T13:12:52","modified_gmt":"2024-11-07T12:12:52","slug":"swieta-na-starowce-2017-film","status":"publish","type":"page","link":"https:\/\/www.ola.naddachami.pl\/index.php\/swieta-na-starowce-2017-film\/","title":{"rendered":"\u015awi\u0119ta na Star\u00f3wce 2017 &#8211; film"},"content":{"rendered":"\t\t<div data-elementor-type=\"wp-page\" data-elementor-id=\"5286\" class=\"elementor elementor-5286\">\n\t\t\t\t\t\t<section class=\"elementor-section elementor-top-section elementor-element elementor-element-9753d74 elementor-section-boxed elementor-section-height-default elementor-section-height-default\" data-id=\"9753d74\" data-element_type=\"section\" data-e-type=\"section\" data-settings=\"{&quot;background_background&quot;:&quot;slideshow&quot;,&quot;background_slideshow_gallery&quot;:[{&quot;id&quot;:1568,&quot;url&quot;:&quot;https:\\\/\\\/www.ola.naddachami.pl\\\/wp-content\\\/uploads\\\/2024\\\/10\\\/bo_08-sloneczny-stok-gora-zar-nad-dachami-0025_31333.jpg&quot;},{&quot;id&quot;:1353,&quot;url&quot;:&quot;https:\\\/\\\/www.ola.naddachami.pl\\\/wp-content\\\/uploads\\\/2024\\\/10\\\/bo_02-ratusz-bielsko-biala-z-lotu-ptaka-nad-dachami-0029_31333.jpg&quot;},{&quot;id&quot;:1569,&quot;url&quot;:&quot;https:\\\/\\\/www.ola.naddachami.pl\\\/wp-content\\\/uploads\\\/2024\\\/10\\\/bo_09-sopot-wschod-slonca-nad-dachami-0093-1.jpg&quot;},{&quot;id&quot;:1077,&quot;url&quot;:&quot;https:\\\/\\\/www.ola.naddachami.pl\\\/wp-content\\\/uploads\\\/2024\\\/10\\\/90-festiwal-bielsko-biala-2019-nad-dachami-2.jpg&quot;},{&quot;id&quot;:1076,&quot;url&quot;:&quot;https:\\\/\\\/www.ola.naddachami.pl\\\/wp-content\\\/uploads\\\/2024\\\/10\\\/28-bieg-fiata-2022_5_fhd_max_0164.jpg&quot;},{&quot;id&quot;:1089,&quot;url&quot;:&quot;https:\\\/\\\/www.ola.naddachami.pl\\\/wp-content\\\/uploads\\\/2024\\\/10\\\/koniecpol-z-lotu-ptaka-nad-dachami-0133_31333.jpg&quot;},{&quot;id&quot;:1091,&quot;url&quot;:&quot;https:\\\/\\\/www.ola.naddachami.pl\\\/wp-content\\\/uploads\\\/2024\\\/10\\\/miedzyreligijny_marsz_solidarnosci_z_ukraina_1_fhd_max_0111.jpg&quot;}],&quot;background_slideshow_loop&quot;:&quot;yes&quot;,&quot;background_slideshow_slide_duration&quot;:5000,&quot;background_slideshow_slide_transition&quot;:&quot;fade&quot;,&quot;background_slideshow_transition_duration&quot;:500,&quot;_ha_eqh_enable&quot;:false}\">\n\t\t\t\t\t\t\t<div class=\"elementor-background-overlay\"><\/div>\n\t\t\t\t\t\t\t<div class=\"elementor-container elementor-column-gap-default\">\n\t\t\t\t\t<div class=\"elementor-column elementor-col-100 elementor-top-column elementor-element elementor-element-f2af193\" data-id=\"f2af193\" data-element_type=\"column\" data-e-type=\"column\">\n\t\t\t<div class=\"elementor-widget-wrap elementor-element-populated\">\n\t\t\t\t\t\t<div class=\"elementor-element elementor-element-249a228 elementor-widget elementor-widget-heading\" data-id=\"249a228\" data-element_type=\"widget\" data-e-type=\"widget\" data-widget_type=\"heading.default\">\n\t\t\t\t<div class=\"elementor-widget-container\">\n\t\t\t\t\t<h2 class=\"elementor-heading-title elementor-size-default\">ZDJ\u0118CIA I FILMY Z POWIETRZA<\/h2>\t\t\t\t<\/div>\n\t\t\t\t<\/div>\n\t\t\t\t<div class=\"elementor-element elementor-element-cee0f03 elementor-widget elementor-widget-text-editor\" data-id=\"cee0f03\" data-element_type=\"widget\" data-e-type=\"widget\" data-widget_type=\"text-editor.default\">\n\t\t\t\t<div class=\"elementor-widget-container\">\n\t\t\t\t\t\t\t\t\t<p>WYBRANE REALIZACJE<\/p>\t\t\t\t\t\t\t\t<\/div>\n\t\t\t\t<\/div>\n\t\t\t\t\t<\/div>\n\t\t<\/div>\n\t\t\t\t\t<\/div>\n\t\t<\/section>\n\t\t<div class=\"elementor-element elementor-element-3ba3524 e-flex e-con-boxed e-con e-parent\" data-id=\"3ba3524\" data-element_type=\"container\" data-e-type=\"container\" data-settings=\"{&quot;_ha_eqh_enable&quot;:false}\">\n\t\t\t\t\t<div class=\"e-con-inner\">\n\t\t\t\t<div class=\"elementor-element elementor-element-fd4d782 elementor-widget elementor-widget-heading\" data-id=\"fd4d782\" data-element_type=\"widget\" data-e-type=\"widget\" data-widget_type=\"heading.default\">\n\t\t\t\t<div class=\"elementor-widget-container\">\n\t\t\t\t\t<h2 class=\"elementor-heading-title elementor-size-default\">\u015awi\u0119ta na Star\u00f3wce 2017 - film<\/h2>\t\t\t\t<\/div>\n\t\t\t\t<\/div>\n\t\t\t\t\t<\/div>\n\t\t\t\t<\/div>\n\t\t<div class=\"elementor-element elementor-element-6800f69 e-flex e-con-boxed e-con e-parent\" data-id=\"6800f69\" data-element_type=\"container\" data-e-type=\"container\" data-settings=\"{&quot;_ha_eqh_enable&quot;:false}\">\n\t\t\t\t\t<div class=\"e-con-inner\">\n\t\t\t\t<div class=\"elementor-element elementor-element-93ef082 elementor-widget elementor-widget-elementskit-heading\" data-id=\"93ef082\" data-element_type=\"widget\" data-e-type=\"widget\" data-widget_type=\"elementskit-heading.default\">\n\t\t\t\t<div class=\"elementor-widget-container\">\n\t\t\t\t\t<div class=\"ekit-wid-con\" ><div class=\"ekit-heading elementskit-section-title-wraper center   ekit_heading_tablet-   ekit_heading_mobile-\">\t\t\t\t<div class='ekit-heading__description'>\n\t\t\t\t\t<p>\u015awi\u0105teczna atmosfera, pi\u0119knie przystrojony Rynek oraz pl. Boles\u0142awa Chrobrego a tak\u017ce wyj\u0105tkowy, niepowtarzalny Reksio - je\u015bli nie mieli\u015bcie okazj\u0119 tego prze\u017cy\u0107 albo chcecie prze\u017cy\u0107 to jeszcze raz - zapraszamy do obejrzenia relacji wideo z tego wyj\u0105tkowego wydarzenia!\u00a0<strong>\u015awi\u0119ta na Star\u00f3wce 2017<\/strong>\u00a0w kilka minut!<\/p>\n<p><a href=\"https:\/\/www.ola.naddachami.pl\/index.php\/swieta-na-starowce-2017-dzien-1\/\">Zobacz zdj\u0119cia z pierwszego dnia.<\/a><\/p>\n<p><a href=\"https:\/\/www.ola.naddachami.pl\/index.php\/swieta-na-starowce-2017-dzien-2\/\">Zobacz zdj\u0119cia z drugiego dnia.<\/a><\/p>\n\t\t\t\t<\/div>\n\t\t\t<\/div><\/div>\t\t\t\t<\/div>\n\t\t\t\t<\/div>\n\t\t\t\t\t<\/div>\n\t\t\t\t<\/div>\n\t\t<div class=\"elementor-element elementor-element-080f910 e-flex e-con-boxed e-con e-parent\" data-id=\"080f910\" data-element_type=\"container\" data-e-type=\"container\" data-settings=\"{&quot;_ha_eqh_enable&quot;:false}\">\n\t\t\t\t\t<div class=\"e-con-inner\">\n\t\t\t\t<div class=\"elementor-element elementor-element-69aa622 elementor-widget elementor-widget-video\" data-id=\"69aa622\" data-element_type=\"widget\" data-e-type=\"widget\" data-settings=\"{&quot;youtube_url&quot;:&quot;https:\\\/\\\/youtu.be\\\/jbX0CQRbNp0&quot;,&quot;video_type&quot;:&quot;youtube&quot;,&quot;controls&quot;:&quot;yes&quot;}\" data-widget_type=\"video.default\">\n\t\t\t\t<div class=\"elementor-widget-container\">\n\t\t\t\t\t\t\t<div class=\"elementor-wrapper elementor-open-inline\">\n\t\t\t<div class=\"elementor-video\"><\/div>\t\t<\/div>\n\t\t\t\t\t\t<\/div>\n\t\t\t\t<\/div>\n\t\t\t\t<div class=\"elementor-element elementor-element-c6f1974 ha-image-grid--fitRows elementor-widget elementor-widget-ha-image-grid happy-addon ha-image-grid\" data-id=\"c6f1974\" data-element_type=\"widget\" data-e-type=\"widget\" data-settings=\"{&quot;layout&quot;:&quot;fitRows&quot;,&quot;enable_popup&quot;:&quot;yes&quot;}\" data-widget_type=\"ha-image-grid.default\">\n\t\t\t\t<div class=\"elementor-widget-container\">\n\t\t\t\t\t\n\t\t<div class=\"ha-image-grid__wrap hajs-isotope ha-lightbox--has\">\n\t\t\t\t\t\t\t\n\t\t\t\t<a href=\"#\" data-mfp-src=\"https:\/\/www.ola.naddachami.pl\/wp-content\/uploads\/2024\/11\/swieta-na-starowce-2017-cz3-nad-dachami-0021.jpg\" class=\"ha-image-grid__item ha-js-lightbox __fltr-1\">\n\t\t\t\t\t<img fetchpriority=\"high\" decoding=\"async\" width=\"1600\" height=\"900\" src=\"https:\/\/www.ola.naddachami.pl\/wp-content\/uploads\/2024\/11\/swieta-na-starowce-2017-cz3-nad-dachami-0021.jpg\" class=\"elementor-animation-grow\" alt=\"\" srcset=\"https:\/\/www.ola.naddachami.pl\/wp-content\/uploads\/2024\/11\/swieta-na-starowce-2017-cz3-nad-dachami-0021.jpg 1600w, https:\/\/www.ola.naddachami.pl\/wp-content\/uploads\/2024\/11\/swieta-na-starowce-2017-cz3-nad-dachami-0021-300x169.jpg 300w, https:\/\/www.ola.naddachami.pl\/wp-content\/uploads\/2024\/11\/swieta-na-starowce-2017-cz3-nad-dachami-0021-1024x576.jpg 1024w, https:\/\/www.ola.naddachami.pl\/wp-content\/uploads\/2024\/11\/swieta-na-starowce-2017-cz3-nad-dachami-0021-768x432.jpg 768w, https:\/\/www.ola.naddachami.pl\/wp-content\/uploads\/2024\/11\/swieta-na-starowce-2017-cz3-nad-dachami-0021-1536x864.jpg 1536w\" sizes=\"(max-width: 1600px) 100vw, 1600px\" \/>\t\t\t\t<\/a>\n\t\t\t\t\t\t\t\n\t\t\t\t<a href=\"#\" data-mfp-src=\"https:\/\/www.ola.naddachami.pl\/wp-content\/uploads\/2024\/11\/swieta-na-starowce-2017-cz3-nad-dachami-0032.jpg\" class=\"ha-image-grid__item ha-js-lightbox __fltr-1\">\n\t\t\t\t\t<img decoding=\"async\" width=\"1600\" height=\"900\" src=\"https:\/\/www.ola.naddachami.pl\/wp-content\/uploads\/2024\/11\/swieta-na-starowce-2017-cz3-nad-dachami-0032.jpg\" class=\"elementor-animation-grow\" alt=\"\" srcset=\"https:\/\/www.ola.naddachami.pl\/wp-content\/uploads\/2024\/11\/swieta-na-starowce-2017-cz3-nad-dachami-0032.jpg 1600w, https:\/\/www.ola.naddachami.pl\/wp-content\/uploads\/2024\/11\/swieta-na-starowce-2017-cz3-nad-dachami-0032-300x169.jpg 300w, https:\/\/www.ola.naddachami.pl\/wp-content\/uploads\/2024\/11\/swieta-na-starowce-2017-cz3-nad-dachami-0032-1024x576.jpg 1024w, https:\/\/www.ola.naddachami.pl\/wp-content\/uploads\/2024\/11\/swieta-na-starowce-2017-cz3-nad-dachami-0032-768x432.jpg 768w, https:\/\/www.ola.naddachami.pl\/wp-content\/uploads\/2024\/11\/swieta-na-starowce-2017-cz3-nad-dachami-0032-1536x864.jpg 1536w\" sizes=\"(max-width: 1600px) 100vw, 1600px\" \/>\t\t\t\t<\/a>\n\t\t\t\t\t\t\t\n\t\t\t\t<a href=\"#\" data-mfp-src=\"https:\/\/www.ola.naddachami.pl\/wp-content\/uploads\/2024\/11\/swieta-na-starowce-2017-cz3-nad-dachami-0036.jpg\" class=\"ha-image-grid__item ha-js-lightbox __fltr-1\">\n\t\t\t\t\t<img decoding=\"async\" width=\"1600\" height=\"900\" src=\"https:\/\/www.ola.naddachami.pl\/wp-content\/uploads\/2024\/11\/swieta-na-starowce-2017-cz3-nad-dachami-0036.jpg\" class=\"elementor-animation-grow\" alt=\"\" srcset=\"https:\/\/www.ola.naddachami.pl\/wp-content\/uploads\/2024\/11\/swieta-na-starowce-2017-cz3-nad-dachami-0036.jpg 1600w, https:\/\/www.ola.naddachami.pl\/wp-content\/uploads\/2024\/11\/swieta-na-starowce-2017-cz3-nad-dachami-0036-300x169.jpg 300w, https:\/\/www.ola.naddachami.pl\/wp-content\/uploads\/2024\/11\/swieta-na-starowce-2017-cz3-nad-dachami-0036-1024x576.jpg 1024w, https:\/\/www.ola.naddachami.pl\/wp-content\/uploads\/2024\/11\/swieta-na-starowce-2017-cz3-nad-dachami-0036-768x432.jpg 768w, https:\/\/www.ola.naddachami.pl\/wp-content\/uploads\/2024\/11\/swieta-na-starowce-2017-cz3-nad-dachami-0036-1536x864.jpg 1536w\" sizes=\"(max-width: 1600px) 100vw, 1600px\" \/>\t\t\t\t<\/a>\n\t\t\t\t\t<\/div>\n\n\t\t\t\t\t\t<\/div>\n\t\t\t\t<\/div>\n\t\t\t\t\t<\/div>\n\t\t\t\t<\/div>\n\t\t<div class=\"elementor-element elementor-element-8668197 e-flex e-con-boxed e-con e-parent\" data-id=\"8668197\" data-element_type=\"container\" data-e-type=\"container\" data-settings=\"{&quot;_ha_eqh_enable&quot;:false}\">\n\t\t\t\t\t<div class=\"e-con-inner\">\n\t\t<div class=\"elementor-element elementor-element-7e14a2e e-con-full e-grid e-con e-child\" data-id=\"7e14a2e\" data-element_type=\"container\" data-e-type=\"container\" data-settings=\"{&quot;_ha_eqh_enable&quot;:false}\">\n\t\t\t\t<div class=\"elementor-element elementor-element-acb9c4a elementor-widget elementor-widget-heading\" data-id=\"acb9c4a\" data-element_type=\"widget\" data-e-type=\"widget\" data-widget_type=\"heading.default\">\n\t\t\t\t<div class=\"elementor-widget-container\">\n\t\t\t\t\t<h2 class=\"elementor-heading-title elementor-size-default\">Najnowsze realizacje<\/h2>\t\t\t\t<\/div>\n\t\t\t\t<\/div>\n\t\t\t\t<div class=\"elementor-element elementor-element-946c5a8 elementor-align-justify elementor-widget elementor-widget-button\" data-id=\"946c5a8\" data-element_type=\"widget\" data-e-type=\"widget\" data-widget_type=\"button.default\">\n\t\t\t\t<div class=\"elementor-widget-container\">\n\t\t\t\t\t\t\t\t\t<div class=\"elementor-button-wrapper\">\n\t\t\t\t\t<a class=\"elementor-button elementor-button-link elementor-size-sm elementor-animation-shrink\" href=\"https:\/\/www.ola.naddachami.pl\/index.php\/elementor-strona-2280\/\">\n\t\t\t\t\t\t<span class=\"elementor-button-content-wrapper\">\n\t\t\t\t\t\t\t\t\t<span class=\"elementor-button-text\">Pozosta\u0142e realizacje<\/span>\n\t\t\t\t\t<\/span>\n\t\t\t\t\t<\/a>\n\t\t\t\t<\/div>\n\t\t\t\t\t\t\t\t<\/div>\n\t\t\t\t<\/div>\n\t\t\t\t<div class=\"elementor-element elementor-element-8d3c456 elementor-align-center elementor-widget elementor-widget-button\" data-id=\"8d3c456\" data-element_type=\"widget\" data-e-type=\"widget\" data-widget_type=\"button.default\">\n\t\t\t\t<div class=\"elementor-widget-container\">\n\t\t\t\t\t\t\t\t\t<div class=\"elementor-button-wrapper\">\n\t\t\t\t\t<a class=\"elementor-button elementor-button-link elementor-size-sm elementor-animation-shrink\" href=\"https:\/\/www.ola.naddachami.pl\/index.php\/uslugi-dronem\/\">\n\t\t\t\t\t\t<span class=\"elementor-button-content-wrapper\">\n\t\t\t\t\t\t\t\t\t<span class=\"elementor-button-text\">Wy\u015blij zapytanie<\/span>\n\t\t\t\t\t<\/span>\n\t\t\t\t\t<\/a>\n\t\t\t\t<\/div>\n\t\t\t\t\t\t\t\t<\/div>\n\t\t\t\t<\/div>\n\t\t\t\t<\/div>\n\t\t\t\t\t<\/div>\n\t\t\t\t<\/div>\n\t\t<div class=\"elementor-element elementor-element-d31297d e-flex e-con-boxed e-con e-parent\" data-id=\"d31297d\" data-element_type=\"container\" data-e-type=\"container\" data-settings=\"{&quot;_ha_eqh_enable&quot;:false}\">\n\t\t\t\t\t<div class=\"e-con-inner\">\n\t\t\t\t<div class=\"elementor-element elementor-element-916c528 elementor-widget elementor-widget-ha-carousel happy-addon ha-carousel\" data-id=\"916c528\" data-element_type=\"widget\" data-e-type=\"widget\" data-settings=\"{&quot;slides_to_show&quot;:&quot;3&quot;,&quot;animation_speed&quot;:300,&quot;autoplay&quot;:&quot;yes&quot;,&quot;autoplay_speed&quot;:3000,&quot;loop&quot;:&quot;yes&quot;,&quot;navigation&quot;:&quot;arrow&quot;,&quot;slides_to_show_tablet&quot;:3,&quot;slides_to_show_mobile&quot;:2}\" data-widget_type=\"ha-carousel.default\">\n\t\t\t\t<div class=\"elementor-widget-container\">\n\t\t\t\t\t\n\t\t<div data-ha_rcc_uid=\"\" class=\"hajs-slick ha-slick ha-slick--carousel\">\n\n\t\t\t\n\t\t\t\t<div class=\"ha-slick-slide slick-slide\">\n\t\t\t\t\t<a class=\"ha-slick-item\" href=\"https:\/\/www.ola.naddachami.pl\/index.php\/swieto-niepodleglosci-11-listopada\/\">\n\t\t\t\t\t\t\t\t\t\t\t\t\t<img decoding=\"async\" class=\"ha-slick-img\" src=\"https:\/\/www.ola.naddachami.pl\/wp-content\/uploads\/2024\/10\/11_listopada_2022_2_fhd_max_0007-1024x683.jpg\" alt=\"\u015awi\u0119to Niepodleg\u0142o\u015bci 11 Listopada\">\n\t\t\t\t\t\t\n\t\t\t\t\t\t\t\t\t\t\t\t\t<div class=\"ha-slick-content\">\n\t\t\t\t\t\t\t\t<h2 class=\"ha-slick-title\">\u015awi\u0119to Niepodleg\u0142o\u015bci 11 Listopada<\/h2>\t\t\t\t\t\t\t\t\t\t\t\t\t\t\t<\/div>\n\t\t\t\t\t\t\t\t\t\t\t<\/a>\n\t\t\t\t<\/div>\n\n\t\t\t\n\t\t\t\t<div class=\"ha-slick-slide slick-slide\">\n\t\t\t\t\t<a class=\"ha-slick-item\" href=\"https:\/\/www.ola.naddachami.pl\/index.php\/dni-bielska-bialej-2022\/\">\n\t\t\t\t\t\t\t\t\t\t\t\t\t<img decoding=\"async\" class=\"ha-slick-img\" src=\"https:\/\/www.ola.naddachami.pl\/wp-content\/uploads\/2024\/10\/dni-bielska-bialej-2022_1_fhd_max_0134-1024x683.jpg\" alt=\"Dni Bielska-Bia\u0142ej 2022\">\n\t\t\t\t\t\t\n\t\t\t\t\t\t\t\t\t\t\t\t\t<div class=\"ha-slick-content\">\n\t\t\t\t\t\t\t\t<h2 class=\"ha-slick-title\">Dni Bielska-Bia\u0142ej 2022<\/h2>\t\t\t\t\t\t\t\t\t\t\t\t\t\t\t<\/div>\n\t\t\t\t\t\t\t\t\t\t\t<\/a>\n\t\t\t\t<\/div>\n\n\t\t\t\n\t\t\t\t<div class=\"ha-slick-slide slick-slide\">\n\t\t\t\t\t<a class=\"ha-slick-item\" href=\"https:\/\/www.ola.naddachami.pl\/index.php\/28-bieg-fiata\/\">\n\t\t\t\t\t\t\t\t\t\t\t\t\t<img decoding=\"async\" class=\"ha-slick-img\" src=\"https:\/\/www.ola.naddachami.pl\/wp-content\/uploads\/2024\/10\/28-bieg-fiata-2022_1_fhd_max_0122-1024x683.jpg\" alt=\"28. Bieg Fiata\">\n\t\t\t\t\t\t\n\t\t\t\t\t\t\t\t\t\t\t\t\t<div class=\"ha-slick-content\">\n\t\t\t\t\t\t\t\t<h2 class=\"ha-slick-title\">28. Bieg Fiata<\/h2>\t\t\t\t\t\t\t\t\t\t\t\t\t\t\t<\/div>\n\t\t\t\t\t\t\t\t\t\t\t<\/a>\n\t\t\t\t<\/div>\n\n\t\t\t\n\t\t\t\t<div class=\"ha-slick-slide slick-slide\">\n\t\t\t\t\t<a class=\"ha-slick-item\" href=\"https:\/\/www.ola.naddachami.pl\/index.php\/marsz-solidarnosci-z-ukraina\/\">\n\t\t\t\t\t\t\t\t\t\t\t\t\t<img decoding=\"async\" class=\"ha-slick-img\" src=\"https:\/\/www.ola.naddachami.pl\/wp-content\/uploads\/2024\/10\/miedzyreligijny_marsz_solidarnosci_z_ukraina_1_fhd_max_0111-1-1024x683.jpg\" alt=\"Marsz Solidarno\u015bci z Ukrain\u0105\">\n\t\t\t\t\t\t\n\t\t\t\t\t\t\t\t\t\t\t\t\t<div class=\"ha-slick-content\">\n\t\t\t\t\t\t\t\t<h2 class=\"ha-slick-title\">Marsz Solidarno\u015bci z Ukrain\u0105<\/h2>\t\t\t\t\t\t\t\t\t\t\t\t\t\t\t<\/div>\n\t\t\t\t\t\t\t\t\t\t\t<\/a>\n\t\t\t\t<\/div>\n\n\t\t\t\n\t\t\t\t<div class=\"ha-slick-slide slick-slide\">\n\t\t\t\t\t<a class=\"ha-slick-item\" href=\"https:\/\/www.ola.naddachami.pl\/index.php\/swieta-na-starowce-dzien-3\/\">\n\t\t\t\t\t\t\t\t\t\t\t\t\t<img decoding=\"async\" class=\"ha-slick-img\" src=\"https:\/\/www.ola.naddachami.pl\/wp-content\/uploads\/2024\/10\/swieta-na-starowce-2021-d3_9_fhd_max_0064-1024x683.jpg\" alt=\"\u015awi\u0119ta na Star\u00f3wce - dzie\u0144 3\">\n\t\t\t\t\t\t\n\t\t\t\t\t\t\t\t\t\t\t\t\t<div class=\"ha-slick-content\">\n\t\t\t\t\t\t\t\t<h2 class=\"ha-slick-title\">\u015awi\u0119ta na Star\u00f3wce - dzie\u0144 3<\/h2>\t\t\t\t\t\t\t\t\t\t\t\t\t\t\t<\/div>\n\t\t\t\t\t\t\t\t\t\t\t<\/a>\n\t\t\t\t<\/div>\n\n\t\t\t\n\t\t\t\t<div class=\"ha-slick-slide slick-slide\">\n\t\t\t\t\t<a class=\"ha-slick-item\" href=\"https:\/\/www.ola.naddachami.pl\/index.php\/swieta-na-starowce-2021-dzien-2\/\">\n\t\t\t\t\t\t\t\t\t\t\t\t\t<img decoding=\"async\" class=\"ha-slick-img\" src=\"https:\/\/www.ola.naddachami.pl\/wp-content\/uploads\/2024\/10\/swieta-na-starowce-2021-d2_1_fhd_max_0010-1024x683.jpg\" alt=\"\u015awi\u0119ta na Star\u00f3wce 2021 - dzie\u0144 2\">\n\t\t\t\t\t\t\n\t\t\t\t\t\t\t\t\t\t\t\t\t<div class=\"ha-slick-content\">\n\t\t\t\t\t\t\t\t<h2 class=\"ha-slick-title\">\u015awi\u0119ta na Star\u00f3wce 2021 - dzie\u0144 2<\/h2>\t\t\t\t\t\t\t\t\t\t\t\t\t\t\t<\/div>\n\t\t\t\t\t\t\t\t\t\t\t<\/a>\n\t\t\t\t<\/div>\n\n\t\t\t\n\t\t\t\t<div class=\"ha-slick-slide slick-slide\">\n\t\t\t\t\t<a class=\"ha-slick-item\" href=\"https:\/\/www.ola.naddachami.pl\/index.php\/swieta-na-starowce-2021\/\">\n\t\t\t\t\t\t\t\t\t\t\t\t\t<img decoding=\"async\" class=\"ha-slick-img\" src=\"https:\/\/www.ola.naddachami.pl\/wp-content\/uploads\/2024\/10\/swieta-na-starowce-2021-d1_7_fhd_max_0065-1024x683.jpg\" alt=\"\u015awi\u0119ta na Star\u00f3wce 2021\">\n\t\t\t\t\t\t\n\t\t\t\t\t\t\t\t\t\t\t\t\t<div class=\"ha-slick-content\">\n\t\t\t\t\t\t\t\t<h2 class=\"ha-slick-title\">\u015awi\u0119ta na Star\u00f3wce 2021<\/h2>\t\t\t\t\t\t\t\t\t\t\t\t\t\t\t<\/div>\n\t\t\t\t\t\t\t\t\t\t\t<\/a>\n\t\t\t\t<\/div>\n\n\t\t\t\n\t\t\t\t<div class=\"ha-slick-slide slick-slide\">\n\t\t\t\t\t<a class=\"ha-slick-item\" href=\"https:\/\/www.ola.naddachami.pl\/index.php\/miasto-pani-marii\/\">\n\t\t\t\t\t\t\t\t\t\t\t\t\t<img decoding=\"async\" class=\"ha-slick-img\" src=\"https:\/\/www.ola.naddachami.pl\/wp-content\/uploads\/2024\/10\/dni-bb-2021-koncert-mpm_10_fhd_max_0111-1024x683.jpg\" alt=\"Miasto Pani Marii\">\n\t\t\t\t\t\t\n\t\t\t\t\t\t\t\t\t\t\t\t\t<div class=\"ha-slick-content\">\n\t\t\t\t\t\t\t\t<h2 class=\"ha-slick-title\">Miasto Pani Marii<\/h2>\t\t\t\t\t\t\t\t\t\t\t\t\t\t\t<\/div>\n\t\t\t\t\t\t\t\t\t\t\t<\/a>\n\t\t\t\t<\/div>\n\n\t\t\t\n\t\t<\/div>\n\n\t\t\t\t\t<button type=\"button\" class=\"slick-prev\"><svg aria-hidden=\"true\" class=\"e-font-icon-svg e-fas-chevron-left\" viewBox=\"0 0 320 512\" xmlns=\"http:\/\/www.w3.org\/2000\/svg\"><path d=\"M34.52 239.03L228.87 44.69c9.37-9.37 24.57-9.37 33.94 0l22.67 22.67c9.36 9.36 9.37 24.52.04 33.9L131.49 256l154.02 154.75c9.34 9.38 9.32 24.54-.04 33.9l-22.67 22.67c-9.37 9.37-24.57 9.37-33.94 0L34.52 272.97c-9.37-9.37-9.37-24.57 0-33.94z\"><\/path><\/svg><\/button>\n\t\t\n\t\t\t\t\t<button type=\"button\" class=\"slick-next\"><svg aria-hidden=\"true\" class=\"e-font-icon-svg e-fas-chevron-right\" viewBox=\"0 0 320 512\" xmlns=\"http:\/\/www.w3.org\/2000\/svg\"><path d=\"M285.476 272.971L91.132 467.314c-9.373 9.373-24.569 9.373-33.941 0l-22.667-22.667c-9.357-9.357-9.375-24.522-.04-33.901L188.505 256 34.484 101.255c-9.335-9.379-9.317-24.544.04-33.901l22.667-22.667c9.373-9.373 24.569-9.373 33.941 0L285.475 239.03c9.373 9.372 9.373 24.568.001 33.941z\"><\/path><\/svg><\/button>\n\t\t\n\t\t\t\t\t\t<\/div>\n\t\t\t\t<\/div>\n\t\t\t\t\t<\/div>\n\t\t\t\t<\/div>\n\t\t\t\t<\/div>\n\t\t","protected":false},"excerpt":{"rendered":"<p>ZDJ\u0118CIA I FILMY Z POWIETRZA WYBRANE REALIZACJE \u015awi\u0119ta na Star\u00f3wce 2017 &#8211; film \u015awi\u0105teczna atmosfera, pi\u0119knie przystrojony Rynek oraz pl. [&hellip;]<\/p>\n","protected":false},"author":1,"featured_media":0,"parent":0,"menu_order":0,"comment_status":"closed","ping_status":"closed","template":"","meta":{"site-sidebar-layout":"no-sidebar","site-content-layout":"","ast-site-content-layout":"full-width-container","site-content-style":"default","site-sidebar-style":"default","ast-global-header-display":"","ast-banner-title-visibility":"","ast-main-header-display":"","ast-hfb-above-header-display":"","ast-hfb-below-header-display":"","ast-hfb-mobile-header-display":"","site-post-title":"disabled","ast-breadcrumbs-content":"","ast-featured-img":"disabled","footer-sml-layout":"","theme-transparent-header-meta":"","adv-header-id-meta":"","stick-header-meta":"","header-above-stick-meta":"","header-main-stick-meta":"","header-below-stick-meta":"","astra-migrate-meta-layouts":"default","ast-page-background-enabled":"default","ast-page-background-meta":{"desktop":{"background-color":"var(--ast-global-color-4)","background-image":"","background-repeat":"repeat","background-position":"center center","background-size":"auto","background-attachment":"scroll","background-type":"","background-media":"","overlay-type":"","overlay-color":"","overlay-opacity":"","overlay-gradient":""},"tablet":{"background-color":"","background-image":"","background-repeat":"repeat","background-position":"center center","background-size":"auto","background-attachment":"scroll","background-type":"","background-media":"","overlay-type":"","overlay-color":"","overlay-opacity":"","overlay-gradient":""},"mobile":{"background-color":"","background-image":"","background-repeat":"repeat","background-position":"center center","background-size":"auto","background-attachment":"scroll","background-type":"","background-media":"","overlay-type":"","overlay-color":"","overlay-opacity":"","overlay-gradient":""}},"ast-content-background-meta":{"desktop":{"background-color":"var(--ast-global-color-5)","background-image":"","background-repeat":"repeat","background-position":"center center","background-size":"auto","background-attachment":"scroll","background-type":"","background-media":"","overlay-type":"","overlay-color":"","overlay-opacity":"","overlay-gradient":""},"tablet":{"background-color":"var(--ast-global-color-5)","background-image":"","background-repeat":"repeat","background-position":"center center","background-size":"auto","background-attachment":"scroll","background-type":"","background-media":"","overlay-type":"","overlay-color":"","overlay-opacity":"","overlay-gradient":""},"mobile":{"background-color":"var(--ast-global-color-5)","background-image":"","background-repeat":"repeat","background-position":"center center","background-size":"auto","background-attachment":"scroll","background-type":"","background-media":"","overlay-type":"","overlay-color":"","overlay-opacity":"","overlay-gradient":""}},"footnotes":""},"class_list":["post-5286","page","type-page","status-publish","hentry"],"_links":{"self":[{"href":"https:\/\/www.ola.naddachami.pl\/index.php\/wp-json\/wp\/v2\/pages\/5286","targetHints":{"allow":["GET"]}}],"collection":[{"href":"https:\/\/www.ola.naddachami.pl\/index.php\/wp-json\/wp\/v2\/pages"}],"about":[{"href":"https:\/\/www.ola.naddachami.pl\/index.php\/wp-json\/wp\/v2\/types\/page"}],"author":[{"embeddable":true,"href":"https:\/\/www.ola.naddachami.pl\/index.php\/wp-json\/wp\/v2\/users\/1"}],"replies":[{"embeddable":true,"href":"https:\/\/www.ola.naddachami.pl\/index.php\/wp-json\/wp\/v2\/comments?post=5286"}],"version-history":[{"count":12,"href":"https:\/\/www.ola.naddachami.pl\/index.php\/wp-json\/wp\/v2\/pages\/5286\/revisions"}],"predecessor-version":[{"id":5330,"href":"https:\/\/www.ola.naddachami.pl\/index.php\/wp-json\/wp\/v2\/pages\/5286\/revisions\/5330"}],"wp:attachment":[{"href":"https:\/\/www.ola.naddachami.pl\/index.php\/wp-json\/wp\/v2\/media?parent=5286"}],"curies":[{"name":"wp","href":"https:\/\/api.w.org\/{rel}","templated":true}]}}