{"id":2456,"date":"2024-11-01T23:27:56","date_gmt":"2024-11-01T22:27:56","guid":{"rendered":"https:\/\/www.ola.naddachami.pl\/?page_id=2456"},"modified":"2024-11-08T21:13:27","modified_gmt":"2024-11-08T20:13:27","slug":"uslugi-dronem","status":"publish","type":"page","link":"https:\/\/www.ola.naddachami.pl\/index.php\/uslugi-dronem\/","title":{"rendered":"Us\u0142ugi dronem"},"content":{"rendered":"\t\t<div data-elementor-type=\"wp-page\" data-elementor-id=\"2456\" class=\"elementor elementor-2456\">\n\t\t\t\t\t\t<section class=\"elementor-section elementor-top-section elementor-element elementor-element-beda798 elementor-section-boxed elementor-section-height-default elementor-section-height-default\" data-id=\"beda798\" data-element_type=\"section\" data-e-type=\"section\" data-settings=\"{&quot;background_background&quot;:&quot;slideshow&quot;,&quot;background_slideshow_gallery&quot;:[{&quot;id&quot;:1568,&quot;url&quot;:&quot;https:\\\/\\\/www.ola.naddachami.pl\\\/wp-content\\\/uploads\\\/2024\\\/10\\\/bo_08-sloneczny-stok-gora-zar-nad-dachami-0025_31333.jpg&quot;},{&quot;id&quot;:1353,&quot;url&quot;:&quot;https:\\\/\\\/www.ola.naddachami.pl\\\/wp-content\\\/uploads\\\/2024\\\/10\\\/bo_02-ratusz-bielsko-biala-z-lotu-ptaka-nad-dachami-0029_31333.jpg&quot;},{&quot;id&quot;:1569,&quot;url&quot;:&quot;https:\\\/\\\/www.ola.naddachami.pl\\\/wp-content\\\/uploads\\\/2024\\\/10\\\/bo_09-sopot-wschod-slonca-nad-dachami-0093-1.jpg&quot;},{&quot;id&quot;:1077,&quot;url&quot;:&quot;https:\\\/\\\/www.ola.naddachami.pl\\\/wp-content\\\/uploads\\\/2024\\\/10\\\/90-festiwal-bielsko-biala-2019-nad-dachami-2.jpg&quot;},{&quot;id&quot;:1076,&quot;url&quot;:&quot;https:\\\/\\\/www.ola.naddachami.pl\\\/wp-content\\\/uploads\\\/2024\\\/10\\\/28-bieg-fiata-2022_5_fhd_max_0164.jpg&quot;},{&quot;id&quot;:1089,&quot;url&quot;:&quot;https:\\\/\\\/www.ola.naddachami.pl\\\/wp-content\\\/uploads\\\/2024\\\/10\\\/koniecpol-z-lotu-ptaka-nad-dachami-0133_31333.jpg&quot;},{&quot;id&quot;:1091,&quot;url&quot;:&quot;https:\\\/\\\/www.ola.naddachami.pl\\\/wp-content\\\/uploads\\\/2024\\\/10\\\/miedzyreligijny_marsz_solidarnosci_z_ukraina_1_fhd_max_0111.jpg&quot;}],&quot;background_slideshow_loop&quot;:&quot;yes&quot;,&quot;background_slideshow_slide_duration&quot;:5000,&quot;background_slideshow_slide_transition&quot;:&quot;fade&quot;,&quot;background_slideshow_transition_duration&quot;:500,&quot;_ha_eqh_enable&quot;:false}\">\n\t\t\t\t\t\t\t<div class=\"elementor-background-overlay\"><\/div>\n\t\t\t\t\t\t\t<div class=\"elementor-container elementor-column-gap-default\">\n\t\t\t\t\t<div class=\"elementor-column elementor-col-100 elementor-top-column elementor-element elementor-element-0a5d8eb\" data-id=\"0a5d8eb\" data-element_type=\"column\" data-e-type=\"column\">\n\t\t\t<div class=\"elementor-widget-wrap elementor-element-populated\">\n\t\t\t\t\t\t<div class=\"elementor-element elementor-element-1273994 elementor-widget elementor-widget-heading\" data-id=\"1273994\" data-element_type=\"widget\" data-e-type=\"widget\" data-widget_type=\"heading.default\">\n\t\t\t\t<div class=\"elementor-widget-container\">\n\t\t\t\t\t<h2 class=\"elementor-heading-title elementor-size-default\">DRON<\/h2>\t\t\t\t<\/div>\n\t\t\t\t<\/div>\n\t\t\t\t<div class=\"elementor-element elementor-element-c5b63bb elementor-widget elementor-widget-text-editor\" data-id=\"c5b63bb\" data-element_type=\"widget\" data-e-type=\"widget\" data-widget_type=\"text-editor.default\">\n\t\t\t\t<div class=\"elementor-widget-container\">\n\t\t\t\t\t\t\t\t\t<p>MATERIA\u0141Y Z POWIETRZA W ZASI\u0118GU R\u0118KI<\/p>\t\t\t\t\t\t\t\t<\/div>\n\t\t\t\t<\/div>\n\t\t\t\t\t<\/div>\n\t\t<\/div>\n\t\t\t\t\t<\/div>\n\t\t<\/section>\n\t\t<div class=\"elementor-element elementor-element-0a0b23a e-flex e-con-boxed e-con e-parent\" data-id=\"0a0b23a\" data-element_type=\"container\" data-e-type=\"container\" data-settings=\"{&quot;_ha_eqh_enable&quot;:false}\">\n\t\t\t\t\t<div class=\"e-con-inner\">\n\t\t\t\t<div class=\"elementor-element elementor-element-9135815 elementor-widget elementor-widget-elementskit-heading\" data-id=\"9135815\" data-element_type=\"widget\" data-e-type=\"widget\" data-widget_type=\"elementskit-heading.default\">\n\t\t\t\t<div class=\"elementor-widget-container\">\n\t\t\t\t\t<div class=\"ekit-wid-con\" ><div class=\"ekit-heading elementskit-section-title-wraper text_left   ekit_heading_tablet-   ekit_heading_mobile-\"><h2 class=\"ekit-heading--title elementskit-section-title \">Us\u0142ugi dronem<\/h2>\t\t\t\t<div class='ekit-heading__description'>\n\t\t\t\t\t<p>Oferujemy us\u0142ugi dronem takie jak <strong>zdj\u0119cia<\/strong> i <a href=\"https:\/\/www.ola.naddachami.pl\/index.php\/elementor-strona-1387\/\">filmowanie z powietrza<\/a> jak r\u00f3wnie\u017c tradycyjnie z ziemi przy u\u017cyciu zaawansowanego sprz\u0119tu ze stabilizacj\u0105. Wykonujemy materia\u0142y na terenie ca\u0142ej Polski a przede wszystkim w miejscowo\u015bciach takich jak Bielsko-Bia\u0142a, Andrych\u00f3w, Wadowice, Tychy, Lublin i innych. Posiadamy sprz\u0119t lidera na rynku bezza\u0142ogowych statk\u00f3w powietrznych <strong>DJI<\/strong> dzi\u0119ki czemu mo\u017cemy zapewni\u0107 wysokiej jako\u015bci materia\u0142y foto-wideo, r\u00f3wnie\u017c w rozdzielczo\u015bci 4K przy 60 kl\/s.<\/p>\n<p>Realizujemy uslugi wideofilmowania lub fotografowania w kategoriach takich jak:<\/p>\n<p>\u25cf nieruchomo\u015bci<br \/>\n\u25cf inwestycje budowlane<br \/>\n\u25cf \u015bluby \/ wesela<br \/>\n\u25cf koncerty, wydarzenia, eventy<br \/>\n\u25cf ortofotomapy<br \/>\n\u25cf prywatne budynki<br \/>\n\u25cf filmy reklamowe<br \/>\n\u25cf promocja miast, gmin<br \/>\n\u25cf filmowanie technik\u0105 time lapse<br \/>\nOferujemy surowy materia\u0142 jak r\u00f3wnie\u017c monta\u017c film\u00f3w reklamowych (z ziemi i powietrza).<\/p>\n\t\t\t\t<\/div>\n\t\t\t<\/div><\/div>\t\t\t\t<\/div>\n\t\t\t\t<\/div>\n\t\t\t\t\t<\/div>\n\t\t\t\t<\/div>\n\t\t<div class=\"elementor-element elementor-element-10816ab e-flex e-con-boxed e-con e-parent\" data-id=\"10816ab\" data-element_type=\"container\" data-e-type=\"container\" data-settings=\"{&quot;_ha_eqh_enable&quot;:false}\">\n\t\t\t\t\t<div class=\"e-con-inner\">\n\t\t\t\t<div class=\"elementor-element elementor-element-32860c1 elementor-widget elementor-widget-elementskit-heading\" data-id=\"32860c1\" data-element_type=\"widget\" data-e-type=\"widget\" data-widget_type=\"elementskit-heading.default\">\n\t\t\t\t<div class=\"elementor-widget-container\">\n\t\t\t\t\t<div class=\"ekit-wid-con\" ><div class=\"ekit-heading elementskit-section-title-wraper text_left   ekit_heading_tablet-   ekit_heading_mobile-\"><h2 class=\"ekit-heading--title elementskit-section-title \">Dlaczego my?<\/h2>\t\t\t\t<div class='ekit-heading__description'>\n\t\t\t\t\t<p>\u25cf Naszym atutem jest <strong>szybko\u015b\u0107 dzia\u0142ania<\/strong> i <strong>atrakcyjna cena<\/strong>,<br \/>\u25cf Wykorzystujemy zaawansowany sprz\u0119t <strong>lidera w bran\u017cy dron\u00f3w - DJI<\/strong>,<br \/>\u25cf Mo\u017cemy zaoferowa\u0107 pomys\u0142 na scenariusz lub przygotowa\u0107 materia\u0142y zgodnie z Twoim \u017cyczeniem,<br \/>\u25cf Posiadamy niezb\u0119dne uprawnienia (<strong>\u015bwiadectwo kwalifikacji UAVO<\/strong>) oraz <strong>ubezpieczenie komercyjne<\/strong> (OC) a tak\u017ce licencje na oprogramowanie s\u0142u\u017c\u0105ce do obr\u00f3bki materia\u0142u i monta\u017cu film\u00f3w.<br \/>\u25cf Realizowali\u015bmy materia\u0142y dla takich instytucji jak <strong>Urz\u0105d Miasta Bielska-Bia\u0142ej, Urz\u0105d Miasta Cieszyn, Urz\u0105d Miasta Andrych\u00f3w<\/strong> czy dla firm takich jak <strong>Lubella, Maspex, Tiger<\/strong>,<br \/>\u25cf Jeste\u015bmy elastyczni, realizujemy materia\u0142y zar\u00f3wno dla du\u017cych firm i wydarze\u0144 jak i pojedynczych w postaci \u015alubu czy reklamy nieruchomo\u015bci.<\/p>\n\t\t\t\t<\/div>\n\t\t\t<\/div><\/div>\t\t\t\t<\/div>\n\t\t\t\t<\/div>\n\t\t\t\t\t<\/div>\n\t\t\t\t<\/div>\n\t\t<div class=\"elementor-element elementor-element-495e2f2 e-flex e-con-boxed e-con e-parent\" data-id=\"495e2f2\" data-element_type=\"container\" data-e-type=\"container\" data-settings=\"{&quot;_ha_eqh_enable&quot;:false}\">\n\t\t\t\t\t<div class=\"e-con-inner\">\n\t\t\t\t<div class=\"elementor-element elementor-element-c4f042c elementor-widget elementor-widget-elementskit-heading\" data-id=\"c4f042c\" data-element_type=\"widget\" data-e-type=\"widget\" data-widget_type=\"elementskit-heading.default\">\n\t\t\t\t<div class=\"elementor-widget-container\">\n\t\t\t\t\t<div class=\"ekit-wid-con\" ><div class=\"ekit-heading elementskit-section-title-wraper text_left   ekit_heading_tablet-   ekit_heading_mobile-\"><h2 class=\"ekit-heading--title elementskit-section-title \">Us\u0142ugi dronem cennik<\/h2>\t\t\t\t<div class='ekit-heading__description'>\n\t\t\t\t\t<p>\u25cf Zapraszamy do zapoznania si\u0119 z orientacyjnymi cenami dotycz\u0105cymi us\u0142ug zwi\u0105zanych z filmowaniem dronem i tradycyjnie z ziemi - <a href=\"https:\/\/www.ola.naddachami.pl\/index.php\/elementor-strona-2471\/\">filmowanie dronem cennik<\/a>.<\/p>\n\t\t\t\t<\/div>\n\t\t\t<\/div><\/div>\t\t\t\t<\/div>\n\t\t\t\t<\/div>\n\t\t\t\t\t<\/div>\n\t\t\t\t<\/div>\n\t\t<div class=\"elementor-element elementor-element-62c7a8f e-flex e-con-boxed e-con e-parent\" data-id=\"62c7a8f\" data-element_type=\"container\" data-e-type=\"container\" data-settings=\"{&quot;_ha_eqh_enable&quot;:false}\">\n\t\t\t\t\t<div class=\"e-con-inner\">\n\t\t\t\t<div class=\"elementor-element elementor-element-bfbf782 elementor-widget elementor-widget-elementskit-heading\" data-id=\"bfbf782\" data-element_type=\"widget\" data-e-type=\"widget\" data-widget_type=\"elementskit-heading.default\">\n\t\t\t\t<div class=\"elementor-widget-container\">\n\t\t\t\t\t<div class=\"ekit-wid-con\" ><div class=\"ekit-heading elementskit-section-title-wraper text_left   ekit_heading_tablet-   ekit_heading_mobile-\"><h2 class=\"ekit-heading--title elementskit-section-title \">Masz w\u0105tpliwo\u015bci?<\/h2>\t\t\t\t<div class='ekit-heading__description'>\n\t\t\t\t\t<p>\u25cf Najwa\u017cniejsza jest rozmowa i ch\u0119ci - <strong>jeste\u015bmy otwarci na dialog<\/strong>, z ch\u0119ci\u0105 odpowiemy na wszystkie nurtuj\u0105ce pytania.<\/p>\n\t\t\t\t<\/div>\n\t\t\t<\/div><\/div>\t\t\t\t<\/div>\n\t\t\t\t<\/div>\n\t\t\t\t\t<\/div>\n\t\t\t\t<\/div>\n\t\t<div class=\"elementor-element elementor-element-fdf866a e-flex e-con-boxed e-con e-parent\" data-id=\"fdf866a\" data-element_type=\"container\" data-e-type=\"container\" data-settings=\"{&quot;_ha_eqh_enable&quot;:false}\">\n\t\t\t\t\t<div class=\"e-con-inner\">\n\t\t\t\t<div class=\"elementor-element elementor-element-8220404 elementor-widget elementor-widget-heading\" data-id=\"8220404\" data-element_type=\"widget\" data-e-type=\"widget\" data-widget_type=\"heading.default\">\n\t\t\t\t<div class=\"elementor-widget-container\">\n\t\t\t\t\t<h2 class=\"elementor-heading-title elementor-size-default\">Wy\u015blij zapytanie<\/h2>\t\t\t\t<\/div>\n\t\t\t\t<\/div>\n\t\t\t\t\t<\/div>\n\t\t\t\t<\/div>\n\t\t<div class=\"elementor-element elementor-element-19576ca e-flex e-con-boxed e-con e-parent\" data-id=\"19576ca\" data-element_type=\"container\" data-e-type=\"container\" data-settings=\"{&quot;_ha_eqh_enable&quot;:false}\">\n\t\t\t\t\t<div class=\"e-con-inner\">\n\t\t\t\t<div class=\"elementor-element elementor-element-4aac9f8 elementor-widget__width-initial ha-form-btn--left elementor-widget elementor-widget-ha-wpform happy-addon ha-wpform\" data-id=\"4aac9f8\" data-element_type=\"widget\" data-e-type=\"widget\" data-widget_type=\"ha-wpform.default\">\n\t\t\t\t<div class=\"elementor-widget-container\">\n\t\t\t\t\t<style id=\"wpforms-css-vars-7632\">\n\t\t\t\t#wpforms-7632 {\n\t\t\t\t\n\t\t\t}\n\t\t\t<\/style><div class=\"wpforms-container wpforms-container-full wpforms-render-modern\" id=\"wpforms-7632\"><form id=\"wpforms-form-7632\" class=\"wpforms-validate wpforms-form wpforms-ajax-form\" data-formid=\"7632\" method=\"post\" enctype=\"multipart\/form-data\" action=\"\/index.php\/wp-json\/wp\/v2\/pages\/2456\" data-token=\"7e642535097922917211704fe1bc61c5\" data-token-time=\"1776428676\"><noscript class=\"wpforms-error-noscript\">Aby wype\u0142ni\u0107 ten formularz, w\u0142\u0105cz obs\u0142ug\u0119 JavaScript w przegl\u0105darce.<\/noscript><div id=\"wpforms-error-noscript\" style=\"display: none;\">Aby wype\u0142ni\u0107 ten formularz, w\u0142\u0105cz obs\u0142ug\u0119 JavaScript w przegl\u0105darce.<\/div><div class=\"wpforms-field-container\"><div id=\"wpforms-7632-field_8-container\" class=\"wpforms-field wpforms-field-checkbox\" data-field-id=\"8\"><fieldset><legend class=\"wpforms-field-label\">Interesuje mnie <span class=\"wpforms-required-label\" aria-hidden=\"true\">*<\/span><\/legend><ul id=\"wpforms-7632-field_8\" class=\"wpforms-field-required\"><li class=\"choice-1 depth-1\"><input type=\"checkbox\" id=\"wpforms-7632-field_8_1\" name=\"wpforms[fields][8][]\" value=\"zdj\u0119cia z powietrza\" aria-errormessage=\"wpforms-7632-field_8_1-error\" required ><label class=\"wpforms-field-label-inline\" for=\"wpforms-7632-field_8_1\">zdj\u0119cia z powietrza<\/label><\/li><li class=\"choice-2 depth-1\"><input type=\"checkbox\" id=\"wpforms-7632-field_8_2\" name=\"wpforms[fields][8][]\" value=\"uj\u0119cia wideo z drona\" aria-errormessage=\"wpforms-7632-field_8_2-error\" required ><label class=\"wpforms-field-label-inline\" for=\"wpforms-7632-field_8_2\">uj\u0119cia wideo z drona<\/label><\/li><li class=\"choice-3 depth-1\"><input type=\"checkbox\" id=\"wpforms-7632-field_8_3\" name=\"wpforms[fields][8][]\" value=\"foto + wideo\" aria-errormessage=\"wpforms-7632-field_8_3-error\" required ><label class=\"wpforms-field-label-inline\" for=\"wpforms-7632-field_8_3\">foto + wideo<\/label><\/li><li class=\"choice-4 depth-1\"><input type=\"checkbox\" id=\"wpforms-7632-field_8_4\" name=\"wpforms[fields][8][]\" value=\"inne\" aria-errormessage=\"wpforms-7632-field_8_4-error\" required ><label class=\"wpforms-field-label-inline\" for=\"wpforms-7632-field_8_4\">inne<\/label><\/li><\/ul><\/fieldset><\/div><div id=\"wpforms-7632-field_9-container\" class=\"wpforms-field wpforms-field-checkbox\" data-field-id=\"9\"><fieldset><legend class=\"wpforms-field-label\">Chc\u0119 otrzyma\u0107 materia\u0142y <span class=\"wpforms-required-label\" aria-hidden=\"true\">*<\/span><\/legend><ul id=\"wpforms-7632-field_9\" class=\"wpforms-field-required\"><li class=\"choice-1 depth-1\"><input type=\"checkbox\" id=\"wpforms-7632-field_9_1\" name=\"wpforms[fields][9][]\" value=\"surowe (oryginalne, bez korekty)\" aria-errormessage=\"wpforms-7632-field_9_1-error\" required ><label class=\"wpforms-field-label-inline\" for=\"wpforms-7632-field_9_1\">surowe (oryginalne, bez korekty)<\/label><\/li><li class=\"choice-2 depth-1\"><input type=\"checkbox\" id=\"wpforms-7632-field_9_2\" name=\"wpforms[fields][9][]\" value=\"obrobione (gotowe do publikacji)\" aria-errormessage=\"wpforms-7632-field_9_2-error\" required ><label class=\"wpforms-field-label-inline\" for=\"wpforms-7632-field_9_2\">obrobione (gotowe do publikacji)<\/label><\/li><li class=\"choice-3 depth-1\"><input type=\"checkbox\" id=\"wpforms-7632-field_9_3\" name=\"wpforms[fields][9][]\" value=\"jeszcze nie wiem\" aria-errormessage=\"wpforms-7632-field_9_3-error\" required ><label class=\"wpforms-field-label-inline\" for=\"wpforms-7632-field_9_3\">jeszcze nie wiem<\/label><\/li><\/ul><\/fieldset><\/div><div id=\"wpforms-7632-field_10-container\" class=\"wpforms-field wpforms-field-text\" data-field-id=\"10\"><label class=\"wpforms-field-label\" for=\"wpforms-7632-field_10\">Orientacyjna lokalizacja <span class=\"wpforms-required-label\" aria-hidden=\"true\">*<\/span><\/label><input type=\"text\" id=\"wpforms-7632-field_10\" class=\"wpforms-field-medium wpforms-field-required\" name=\"wpforms[fields][10]\" aria-errormessage=\"wpforms-7632-field_10-error\" required><\/div><div id=\"wpforms-7632-field_1-container\" class=\"wpforms-field wpforms-field-name\" data-field-id=\"1\"><fieldset><legend class=\"wpforms-field-label\">Imi\u0119 i nazwisko <span class=\"wpforms-required-label\" aria-hidden=\"true\">*<\/span><\/legend><div class=\"wpforms-field-row wpforms-field-medium\"><div class=\"wpforms-field-row-block wpforms-first wpforms-one-half\"><input type=\"text\" id=\"wpforms-7632-field_1\" class=\"wpforms-field-name-first wpforms-field-required\" name=\"wpforms[fields][1][first]\" aria-errormessage=\"wpforms-7632-field_1-error\" required><label for=\"wpforms-7632-field_1\" class=\"wpforms-field-sublabel after\">Pierwszy<\/label><\/div><div class=\"wpforms-field-row-block wpforms-one-half\"><input type=\"text\" id=\"wpforms-7632-field_1-last\" class=\"wpforms-field-name-last wpforms-field-required\" name=\"wpforms[fields][1][last]\" aria-errormessage=\"wpforms-7632-field_1-last-error\" required><label for=\"wpforms-7632-field_1-last\" class=\"wpforms-field-sublabel after\">Ostatni<\/label><\/div><\/div><\/fieldset><\/div><div id=\"wpforms-7632-field_11-container\" class=\"wpforms-field wpforms-field-text\" data-field-id=\"11\"><label class=\"wpforms-field-label\" for=\"wpforms-7632-field_11\">Numer telefonu <span class=\"wpforms-required-label\" aria-hidden=\"true\">*<\/span><\/label><input type=\"text\" id=\"wpforms-7632-field_11\" class=\"wpforms-field-small wpforms-field-required\" name=\"wpforms[fields][11]\" aria-errormessage=\"wpforms-7632-field_11-error\" required><\/div><div id=\"wpforms-7632-field_2-container\" class=\"wpforms-field wpforms-field-email\" data-field-id=\"2\"><label class=\"wpforms-field-label\" for=\"wpforms-7632-field_2\">Adres e-mail <span class=\"wpforms-required-label\" aria-hidden=\"true\">*<\/span><\/label><input type=\"email\" id=\"wpforms-7632-field_2\" class=\"wpforms-field-small wpforms-field-required\" name=\"wpforms[fields][2]\" spellcheck=\"false\" aria-errormessage=\"wpforms-7632-field_2-error\" required><\/div><div id=\"wpforms-7632-field_3-container\" class=\"wpforms-field wpforms-field-textarea\" data-field-id=\"3\"><label class=\"wpforms-field-label\" for=\"wpforms-7632-field_3\">Dodatkowy opis<\/label><textarea id=\"wpforms-7632-field_3\" class=\"wpforms-field-medium\" name=\"wpforms[fields][3]\" aria-errormessage=\"wpforms-7632-field_3-error\" ><\/textarea><\/div>\t\t<div id=\"wpforms-7632-field_4-container\"\n\t\t\tclass=\"wpforms-field wpforms-field-text\"\n\t\t\tdata-field-type=\"text\"\n\t\t\tdata-field-id=\"4\"\n\t\t\t>\n\t\t\t<label class=\"wpforms-field-label\" for=\"wpforms-7632-field_4\" >telefonu otrzyma\u0107 Numer<\/label>\n\t\t\t<input type=\"text\" id=\"wpforms-7632-field_4\" class=\"wpforms-field-medium\" name=\"wpforms[fields][4]\" >\n\t\t<\/div>\n\t\t<div id=\"wpforms-7632-field_12-container\" class=\"wpforms-field wpforms-field-checkbox\" data-field-id=\"12\"><fieldset><legend class=\"wpforms-field-label\"> <span class=\"wpforms-required-label\" aria-hidden=\"true\">*<\/span><\/legend><ul id=\"wpforms-7632-field_12\" class=\"wpforms-field-required\"><li class=\"choice-1 depth-1\"><input type=\"checkbox\" id=\"wpforms-7632-field_12_1\" name=\"wpforms[fields][12][]\" value=\"Zapozna\u0142am\/em si\u0119 z &lt;a href=&quot;https:\/\/www.ola.naddachami.pl\/index.php\/portfolio-2\/&quot;&gt;polityk\u0105 prywatno\u015bci&quot;.&lt;\/a&gt;\" aria-errormessage=\"wpforms-7632-field_12_1-error\" required ><label class=\"wpforms-field-label-inline\" for=\"wpforms-7632-field_12_1\">Zapozna\u0142am\/em si\u0119 z <a href=\"https:\/\/www.ola.naddachami.pl\/index.php\/portfolio-2\/\">polityk\u0105 prywatno\u015bci\".<\/a><\/label><\/li><li class=\"choice-2 depth-1\"><input type=\"checkbox\" id=\"wpforms-7632-field_12_2\" name=\"wpforms[fields][12][]\" value=\"Wyra\u017cam zgod\u0119 na przetwarzanie moich danych osobowych w celu odpowiedzi na zadane pytanie.\" aria-errormessage=\"wpforms-7632-field_12_2-error\" required ><label class=\"wpforms-field-label-inline\" for=\"wpforms-7632-field_12_2\">Wyra\u017cam zgod\u0119 na przetwarzanie moich danych osobowych w celu odpowiedzi na zadane pytanie.<\/label><\/li><\/ul><\/fieldset><\/div><script>\n\t\t\t\t( function() {\n\t\t\t\t\tconst style = document.createElement( 'style' );\n\t\t\t\t\tstyle.appendChild( document.createTextNode( '#wpforms-7632-field_4-container { position: absolute !important; overflow: hidden !important; display: inline !important; height: 1px !important; width: 1px !important; z-index: -1000 !important; padding: 0 !important; } #wpforms-7632-field_4-container input { visibility: hidden; } #wpforms-conversational-form-page #wpforms-7632-field_4-container label { counter-increment: none; }' ) );\n\t\t\t\t\tdocument.head.appendChild( style );\n\t\t\t\t\tdocument.currentScript?.remove();\n\t\t\t\t} )();\n\t\t\t<\/script><\/div><!-- .wpforms-field-container --><div class=\"wpforms-submit-container\" ><input type=\"hidden\" name=\"wpforms[id]\" value=\"7632\"><input type=\"hidden\" name=\"page_title\" value=\"\"><input type=\"hidden\" name=\"page_url\" value=\"https:\/\/www.ola.naddachami.pl\/index.php\/wp-json\/wp\/v2\/pages\/2456\"><input type=\"hidden\" name=\"url_referer\" value=\"\"><button type=\"submit\" name=\"wpforms[submit]\" id=\"wpforms-submit-7632\" class=\"wpforms-submit\" data-alt-text=\"Wysy\u0142anie...\" data-submit-text=\"Wy\u015blij zapytanie\" aria-live=\"assertive\" value=\"wpforms-submit\">Wy\u015blij zapytanie<\/button><img decoding=\"async\" src=\"https:\/\/www.ola.naddachami.pl\/wp-content\/plugins\/wpforms-lite\/assets\/images\/submit-spin.svg\" class=\"wpforms-submit-spinner\" style=\"display: none;\" width=\"26\" height=\"26\" alt=\"Wczytywanie\"><\/div><\/form><\/div>  <!-- .wpforms-container -->\t\t\t\t<\/div>\n\t\t\t\t<\/div>\n\t\t\t\t\t<\/div>\n\t\t\t\t<\/div>\n\t\t\t\t<\/div>\n\t\t","protected":false},"excerpt":{"rendered":"<p>DRON MATERIA\u0141Y Z POWIETRZA W ZASI\u0118GU R\u0118KI Us\u0142ugi dronem Oferujemy us\u0142ugi dronem takie jak zdj\u0119cia i filmowanie z powietrza jak [&hellip;]<\/p>\n","protected":false},"author":1,"featured_media":0,"parent":0,"menu_order":0,"comment_status":"closed","ping_status":"closed","template":"","meta":{"site-sidebar-layout":"no-sidebar","site-content-layout":"","ast-site-content-layout":"full-width-container","site-content-style":"default","site-sidebar-style":"default","ast-global-header-display":"","ast-banner-title-visibility":"","ast-main-header-display":"","ast-hfb-above-header-display":"","ast-hfb-below-header-display":"","ast-hfb-mobile-header-display":"","site-post-title":"disabled","ast-breadcrumbs-content":"","ast-featured-img":"disabled","footer-sml-layout":"","theme-transparent-header-meta":"","adv-header-id-meta":"","stick-header-meta":"","header-above-stick-meta":"","header-main-stick-meta":"","header-below-stick-meta":"","astra-migrate-meta-layouts":"default","ast-page-background-enabled":"default","ast-page-background-meta":{"desktop":{"background-color":"var(--ast-global-color-4)","background-image":"","background-repeat":"repeat","background-position":"center center","background-size":"auto","background-attachment":"scroll","background-type":"","background-media":"","overlay-type":"","overlay-color":"","overlay-opacity":"","overlay-gradient":""},"tablet":{"background-color":"","background-image":"","background-repeat":"repeat","background-position":"center center","background-size":"auto","background-attachment":"scroll","background-type":"","background-media":"","overlay-type":"","overlay-color":"","overlay-opacity":"","overlay-gradient":""},"mobile":{"background-color":"","background-image":"","background-repeat":"repeat","background-position":"center center","background-size":"auto","background-attachment":"scroll","background-type":"","background-media":"","overlay-type":"","overlay-color":"","overlay-opacity":"","overlay-gradient":""}},"ast-content-background-meta":{"desktop":{"background-color":"var(--ast-global-color-5)","background-image":"","background-repeat":"repeat","background-position":"center center","background-size":"auto","background-attachment":"scroll","background-type":"","background-media":"","overlay-type":"","overlay-color":"","overlay-opacity":"","overlay-gradient":""},"tablet":{"background-color":"var(--ast-global-color-5)","background-image":"","background-repeat":"repeat","background-position":"center center","background-size":"auto","background-attachment":"scroll","background-type":"","background-media":"","overlay-type":"","overlay-color":"","overlay-opacity":"","overlay-gradient":""},"mobile":{"background-color":"var(--ast-global-color-5)","background-image":"","background-repeat":"repeat","background-position":"center center","background-size":"auto","background-attachment":"scroll","background-type":"","background-media":"","overlay-type":"","overlay-color":"","overlay-opacity":"","overlay-gradient":""}},"footnotes":""},"class_list":["post-2456","page","type-page","status-publish","hentry"],"_links":{"self":[{"href":"https:\/\/www.ola.naddachami.pl\/index.php\/wp-json\/wp\/v2\/pages\/2456","targetHints":{"allow":["GET"]}}],"collection":[{"href":"https:\/\/www.ola.naddachami.pl\/index.php\/wp-json\/wp\/v2\/pages"}],"about":[{"href":"https:\/\/www.ola.naddachami.pl\/index.php\/wp-json\/wp\/v2\/types\/page"}],"author":[{"embeddable":true,"href":"https:\/\/www.ola.naddachami.pl\/index.php\/wp-json\/wp\/v2\/users\/1"}],"replies":[{"embeddable":true,"href":"https:\/\/www.ola.naddachami.pl\/index.php\/wp-json\/wp\/v2\/comments?post=2456"}],"version-history":[{"count":40,"href":"https:\/\/www.ola.naddachami.pl\/index.php\/wp-json\/wp\/v2\/pages\/2456\/revisions"}],"predecessor-version":[{"id":7731,"href":"https:\/\/www.ola.naddachami.pl\/index.php\/wp-json\/wp\/v2\/pages\/2456\/revisions\/7731"}],"wp:attachment":[{"href":"https:\/\/www.ola.naddachami.pl\/index.php\/wp-json\/wp\/v2\/media?parent=2456"}],"curies":[{"name":"wp","href":"https:\/\/api.w.org\/{rel}","templated":true}]}}